{"id":17797,"date":"2025-09-17T10:15:52","date_gmt":"2025-09-17T14:15:52","guid":{"rendered":"https:\/\/goodworkinstitute.org\/?page_id=17797"},"modified":"2025-09-22T10:09:46","modified_gmt":"2025-09-22T14:09:46","slug":"refund-policy","status":"publish","type":"page","link":"https:\/\/goodworkinstitute.org\/es\/refund-policy\/","title":{"rendered":"Pol\u00edtica de reembolso"},"content":{"rendered":"<div data-elementor-type=\"wp-page\" data-elementor-id=\"17797\" class=\"elementor elementor-17797\" data-elementor-post-type=\"page\">\n\t\t\t\t\t\t<section class=\"elementor-section elementor-top-section elementor-element elementor-element-1b3ccf7 elementor-section-boxed elementor-section-height-default elementor-section-height-default\" data-id=\"1b3ccf7\" data-element_type=\"section\" data-e-type=\"section\" data-settings=\"{&quot;jet_parallax_layout_list&quot;:[]}\">\n\t\t\t\t\t\t<div class=\"elementor-container elementor-column-gap-default\">\n\t\t\t\t\t<div class=\"elementor-column elementor-col-100 elementor-top-column elementor-element elementor-element-61bf739\" data-id=\"61bf739\" data-element_type=\"column\" data-e-type=\"column\">\n\t\t\t<div class=\"elementor-widget-wrap elementor-element-populated\">\n\t\t\t\t\t\t<div class=\"elementor-element elementor-element-c74839a elementor-widget elementor-widget-heading\" data-id=\"c74839a\" data-element_type=\"widget\" data-e-type=\"widget\" data-widget_type=\"heading.default\">\n\t\t\t\t<div class=\"elementor-widget-container\">\n\t\t\t\t\t<h1 class=\"elementor-heading-title elementor-size-default\">Pol\u00edtica de cancelaci\u00f3n y reembolso de los talleres de GWI<\/h1>\t\t\t\t<\/div>\n\t\t\t\t<\/div>\n\t\t\t\t<div class=\"elementor-element elementor-element-b4fcd2d elementor-widget elementor-widget-text-editor\" data-id=\"b4fcd2d\" data-element_type=\"widget\" data-e-type=\"widget\" data-widget_type=\"text-editor.default\">\n\t\t\t\t<div class=\"elementor-widget-container\">\n\t\t\t\t\t\t\t\t\t<p><strong>GWI se compromete a ofrecer talleres y ofertas de alta calidad. Nuestra pol\u00edtica de reembolso y cancelaci\u00f3n tiene en cuenta el tiempo m\u00ednimo necesario para crear, comercializar, preparar y planificar eventos y talleres.<\/strong> - incluido el desarrollo de contenidos, materiales de facilitaci\u00f3n, comida y refrescos, y alojamiento en salas cuando proceda.<\/p><p>Mantenemos las tarifas de los programas lo m\u00e1s bajas posible y ofrecemos precios escalonados para la mayor\u00eda de los eventos, con el fin de hacerlos lo m\u00e1s accesibles posible. Absorber todo el coste de las cancelaciones tard\u00edas y las ausencias limitar\u00eda en \u00faltima instancia nuestros recursos y nuestra capacidad para ofrecer estos talleres.<\/p><p><strong>Nuestros talleres requieren una participaci\u00f3n m\u00ednima de inscritos para ser beneficiosos. A los inscritos que avisen con m\u00e1s de 48 horas de antelaci\u00f3n al inicio del taller se les reembolsar\u00e1 el importe \u00edntegro o se les dar\u00e1 la opci\u00f3n de donar su cuota de inscripci\u00f3n a GWI. No se efectuar\u00e1n reembolsos con menos de 48 horas de antelaci\u00f3n.<\/strong><\/p>\t\t\t\t\t\t\t\t<\/div>\n\t\t\t\t<\/div>\n\t\t\t\t<div class=\"elementor-element elementor-element-14f92d3 elementor-widget elementor-widget-heading\" data-id=\"14f92d3\" data-element_type=\"widget\" data-e-type=\"widget\" data-widget_type=\"heading.default\">\n\t\t\t\t<div class=\"elementor-widget-container\">\n\t\t\t\t\t<h4 class=\"elementor-heading-title elementor-size-default\">Nuestro derecho de cancelaci\u00f3n<\/h4>\t\t\t\t<\/div>\n\t\t\t\t<\/div>\n\t\t\t\t<div class=\"elementor-element elementor-element-f87fd5a elementor-widget elementor-widget-text-editor\" data-id=\"f87fd5a\" data-element_type=\"widget\" data-e-type=\"widget\" data-widget_type=\"text-editor.default\">\n\t\t\t\t<div class=\"elementor-widget-container\">\n\t\t\t\t\t\t\t\t\t<p>GWI se reserva el derecho de cancelar cualquier taller. En caso de cancelaci\u00f3n, los inscritos recibir\u00e1n un reembolso completo o podr\u00e1n optar por donar su cuota de inscripci\u00f3n a GWI. Haremos todo lo posible para reprogramar un evento cancelado.<\/p>\t\t\t\t\t\t\t\t<\/div>\n\t\t\t\t<\/div>\n\t\t\t\t\t<\/div>\n\t\t<\/div>\n\t\t\t\t\t<\/div>\n\t\t<\/section>\n\t\t\t\t<\/div>","protected":false},"excerpt":{"rendered":"<p>GWI Workshop Cancellation and Refund Policy GWI is committed to offering high quality workshops and offerings. Our refund and cancellation policy accommodates the minimum time required to build, market, prepare, and plan for events and workshops &#8211; including content development, facilitation materials, food and refreshments, and room accommodations when applicable. We keep fees for programs [&hellip;]<\/p>\n","protected":false},"author":2,"featured_media":719,"parent":0,"menu_order":0,"comment_status":"closed","ping_status":"closed","template":"","meta":{"_acf_changed":false,"footnotes":"","_links_to":"","_links_to_target":""},"class_list":["post-17797","page","type-page","status-publish","has-post-thumbnail","hentry"],"acf":[],"yoast_head":"<!-- This site is optimized with the Yoast SEO plugin v27.3 - https:\/\/yoast.com\/product\/yoast-seo-wordpress\/ -->\n<title>Refund Policy - Good Work Institute<\/title>\n<meta name=\"description\" content=\"GWI is committed to offering high quality workshops and offerings. Our refund and cancellation policy accommodates the minimum time required to build, market, prepare, and plan for events and workshops \u2013 including content development, facilitation materials, food and refreshments, and room accommodations when applicable.\" \/>\n<meta name=\"robots\" content=\"index, follow, max-snippet:-1, max-image-preview:large, max-video-preview:-1\" \/>\n<link rel=\"canonical\" href=\"https:\/\/goodworkinstitute.org\/es\/refund-policy\/\" \/>\n<meta property=\"og:locale\" content=\"es_MX\" \/>\n<meta property=\"og:type\" content=\"article\" \/>\n<meta property=\"og:title\" content=\"Refund Policy - Good Work Institute\" \/>\n<meta property=\"og:description\" content=\"GWI is committed to offering high quality workshops and offerings. Our refund and cancellation policy accommodates the minimum time required to build, market, prepare, and plan for events and workshops \u2013 including content development, facilitation materials, food and refreshments, and room accommodations when applicable.\" \/>\n<meta property=\"og:url\" content=\"https:\/\/goodworkinstitute.org\/es\/refund-policy\/\" \/>\n<meta property=\"og:site_name\" content=\"Good Work Institute\" \/>\n<meta property=\"article:modified_time\" content=\"2025-09-22T14:09:46+00:00\" \/>\n<meta property=\"og:image\" content=\"https:\/\/goodworkinstitute.org\/wp-content\/uploads\/2020\/03\/cropped-GWI-512.jpg\" \/>\n\t<meta property=\"og:image:width\" content=\"512\" \/>\n\t<meta property=\"og:image:height\" content=\"512\" \/>\n\t<meta property=\"og:image:type\" content=\"image\/jpeg\" \/>\n<meta name=\"twitter:card\" content=\"summary_large_image\" \/>\n<meta name=\"twitter:label1\" content=\"Tiempo de lectura\" \/>\n\t<meta name=\"twitter:data1\" content=\"1 minuto\" \/>\n<script type=\"application\/ld+json\" class=\"yoast-schema-graph\">{\"@context\":\"https:\\\/\\\/schema.org\",\"@graph\":[{\"@type\":\"WebPage\",\"@id\":\"https:\\\/\\\/goodworkinstitute.org\\\/refund-policy\\\/\",\"url\":\"https:\\\/\\\/goodworkinstitute.org\\\/refund-policy\\\/\",\"name\":\"Refund Policy - Good Work Institute\",\"isPartOf\":{\"@id\":\"https:\\\/\\\/goodworkinstitute.org\\\/#website\"},\"primaryImageOfPage\":{\"@id\":\"https:\\\/\\\/goodworkinstitute.org\\\/refund-policy\\\/#primaryimage\"},\"image\":{\"@id\":\"https:\\\/\\\/goodworkinstitute.org\\\/refund-policy\\\/#primaryimage\"},\"thumbnailUrl\":\"https:\\\/\\\/goodworkinstitute.org\\\/wp-content\\\/uploads\\\/2020\\\/03\\\/cropped-GWI-512.jpg\",\"datePublished\":\"2025-09-17T14:15:52+00:00\",\"dateModified\":\"2025-09-22T14:09:46+00:00\",\"description\":\"GWI is committed to offering high quality workshops and offerings. Our refund and cancellation policy accommodates the minimum time required to build, market, prepare, and plan for events and workshops \u2013 including content development, facilitation materials, food and refreshments, and room accommodations when applicable.\",\"breadcrumb\":{\"@id\":\"https:\\\/\\\/goodworkinstitute.org\\\/refund-policy\\\/#breadcrumb\"},\"inLanguage\":\"es\",\"potentialAction\":[{\"@type\":\"ReadAction\",\"target\":[\"https:\\\/\\\/goodworkinstitute.org\\\/refund-policy\\\/\"]}]},{\"@type\":\"ImageObject\",\"inLanguage\":\"es\",\"@id\":\"https:\\\/\\\/goodworkinstitute.org\\\/refund-policy\\\/#primaryimage\",\"url\":\"https:\\\/\\\/goodworkinstitute.org\\\/wp-content\\\/uploads\\\/2020\\\/03\\\/cropped-GWI-512.jpg\",\"contentUrl\":\"https:\\\/\\\/goodworkinstitute.org\\\/wp-content\\\/uploads\\\/2020\\\/03\\\/cropped-GWI-512.jpg\",\"width\":512,\"height\":512},{\"@type\":\"BreadcrumbList\",\"@id\":\"https:\\\/\\\/goodworkinstitute.org\\\/refund-policy\\\/#breadcrumb\",\"itemListElement\":[{\"@type\":\"ListItem\",\"position\":1,\"name\":\"Home\",\"item\":\"https:\\\/\\\/goodworkinstitute.org\\\/\"},{\"@type\":\"ListItem\",\"position\":2,\"name\":\"Refund Policy\"}]},{\"@type\":\"WebSite\",\"@id\":\"https:\\\/\\\/goodworkinstitute.org\\\/#website\",\"url\":\"https:\\\/\\\/goodworkinstitute.org\\\/\",\"name\":\"Good Work Institute\",\"description\":\"Working towards Just Transition\",\"potentialAction\":[{\"@type\":\"SearchAction\",\"target\":{\"@type\":\"EntryPoint\",\"urlTemplate\":\"https:\\\/\\\/goodworkinstitute.org\\\/?s={search_term_string}\"},\"query-input\":{\"@type\":\"PropertyValueSpecification\",\"valueRequired\":true,\"valueName\":\"search_term_string\"}}],\"inLanguage\":\"es\"}]}<\/script>\n<!-- \/ Yoast SEO plugin. -->","yoast_head_json":{"title":"Pol\u00edtica de reembolso - Good Work Institute","description":"GWI se compromete a ofrecer talleres y servicios de alta calidad. Nuestra pol\u00edtica de reembolso y cancelaci\u00f3n tiene en cuenta el tiempo m\u00ednimo necesario para organizar, promocionar, preparar y planificar eventos y talleres, incluyendo el desarrollo de contenidos, los materiales de facilitaci\u00f3n, la comida y los refrigerios, y el alojamiento, cuando corresponda.","robots":{"index":"index","follow":"follow","max-snippet":"max-snippet:-1","max-image-preview":"max-image-preview:large","max-video-preview":"max-video-preview:-1"},"canonical":"https:\/\/goodworkinstitute.org\/es\/refund-policy\/","og_locale":"es_MX","og_type":"article","og_title":"Refund Policy - Good Work Institute","og_description":"GWI is committed to offering high quality workshops and offerings. Our refund and cancellation policy accommodates the minimum time required to build, market, prepare, and plan for events and workshops \u2013 including content development, facilitation materials, food and refreshments, and room accommodations when applicable.","og_url":"https:\/\/goodworkinstitute.org\/es\/refund-policy\/","og_site_name":"Good Work Institute","article_modified_time":"2025-09-22T14:09:46+00:00","og_image":[{"width":512,"height":512,"url":"https:\/\/goodworkinstitute.org\/wp-content\/uploads\/2020\/03\/cropped-GWI-512.jpg","type":"image\/jpeg"}],"twitter_card":"summary_large_image","twitter_misc":{"Tiempo de lectura":"1 minuto"},"schema":{"@context":"https:\/\/schema.org","@graph":[{"@type":"WebPage","@id":"https:\/\/goodworkinstitute.org\/refund-policy\/","url":"https:\/\/goodworkinstitute.org\/refund-policy\/","name":"Pol\u00edtica de reembolso - Good Work Institute","isPartOf":{"@id":"https:\/\/goodworkinstitute.org\/#website"},"primaryImageOfPage":{"@id":"https:\/\/goodworkinstitute.org\/refund-policy\/#primaryimage"},"image":{"@id":"https:\/\/goodworkinstitute.org\/refund-policy\/#primaryimage"},"thumbnailUrl":"https:\/\/goodworkinstitute.org\/wp-content\/uploads\/2020\/03\/cropped-GWI-512.jpg","datePublished":"2025-09-17T14:15:52+00:00","dateModified":"2025-09-22T14:09:46+00:00","description":"GWI se compromete a ofrecer talleres y servicios de alta calidad. Nuestra pol\u00edtica de reembolso y cancelaci\u00f3n tiene en cuenta el tiempo m\u00ednimo necesario para organizar, promocionar, preparar y planificar eventos y talleres, incluyendo el desarrollo de contenidos, los materiales de facilitaci\u00f3n, la comida y los refrigerios, y el alojamiento, cuando corresponda.","breadcrumb":{"@id":"https:\/\/goodworkinstitute.org\/refund-policy\/#breadcrumb"},"inLanguage":"es","potentialAction":[{"@type":"ReadAction","target":["https:\/\/goodworkinstitute.org\/refund-policy\/"]}]},{"@type":"ImageObject","inLanguage":"es","@id":"https:\/\/goodworkinstitute.org\/refund-policy\/#primaryimage","url":"https:\/\/goodworkinstitute.org\/wp-content\/uploads\/2020\/03\/cropped-GWI-512.jpg","contentUrl":"https:\/\/goodworkinstitute.org\/wp-content\/uploads\/2020\/03\/cropped-GWI-512.jpg","width":512,"height":512},{"@type":"BreadcrumbList","@id":"https:\/\/goodworkinstitute.org\/refund-policy\/#breadcrumb","itemListElement":[{"@type":"ListItem","position":1,"name":"Home","item":"https:\/\/goodworkinstitute.org\/"},{"@type":"ListItem","position":2,"name":"Refund Policy"}]},{"@type":"WebSite","@id":"https:\/\/goodworkinstitute.org\/#website","url":"https:\/\/goodworkinstitute.org\/","name":"Instituto del Buen Trabajo","description":"Hacia una transici\u00f3n justa","potentialAction":[{"@type":"SearchAction","target":{"@type":"EntryPoint","urlTemplate":"https:\/\/goodworkinstitute.org\/?s={search_term_string}"},"query-input":{"@type":"PropertyValueSpecification","valueRequired":true,"valueName":"search_term_string"}}],"inLanguage":"es"}]}},"_links":{"self":[{"href":"https:\/\/goodworkinstitute.org\/es\/wp-json\/wp\/v2\/pages\/17797","targetHints":{"allow":["GET"]}}],"collection":[{"href":"https:\/\/goodworkinstitute.org\/es\/wp-json\/wp\/v2\/pages"}],"about":[{"href":"https:\/\/goodworkinstitute.org\/es\/wp-json\/wp\/v2\/types\/page"}],"author":[{"embeddable":true,"href":"https:\/\/goodworkinstitute.org\/es\/wp-json\/wp\/v2\/users\/2"}],"replies":[{"embeddable":true,"href":"https:\/\/goodworkinstitute.org\/es\/wp-json\/wp\/v2\/comments?post=17797"}],"version-history":[{"count":16,"href":"https:\/\/goodworkinstitute.org\/es\/wp-json\/wp\/v2\/pages\/17797\/revisions"}],"predecessor-version":[{"id":17825,"href":"https:\/\/goodworkinstitute.org\/es\/wp-json\/wp\/v2\/pages\/17797\/revisions\/17825"}],"wp:featuredmedia":[{"embeddable":true,"href":"https:\/\/goodworkinstitute.org\/es\/wp-json\/wp\/v2\/media\/719"}],"wp:attachment":[{"href":"https:\/\/goodworkinstitute.org\/es\/wp-json\/wp\/v2\/media?parent=17797"}],"curies":[{"name":"wp","href":"https:\/\/api.w.org\/{rel}","templated":true}]}}