{"id":17536,"date":"2026-01-26T12:39:59","date_gmt":"2026-01-26T17:39:59","guid":{"rendered":"https:\/\/goodworkinstitute.org\/?page_id=17536"},"modified":"2026-01-26T14:25:06","modified_gmt":"2026-01-26T19:25:06","slug":"intake-form","status":"publish","type":"page","link":"https:\/\/goodworkinstitute.org\/es\/intake-form\/","title":{"rendered":"Formulario de admisi\u00f3n"},"content":{"rendered":"\t\t<div data-elementor-type=\"wp-page\" data-elementor-id=\"17536\" class=\"elementor elementor-17536\" data-elementor-post-type=\"page\">\n\t\t\t\t\t\t<section class=\"elementor-section elementor-top-section elementor-element elementor-element-715e4db elementor-section-boxed elementor-section-height-default elementor-section-height-default\" data-id=\"715e4db\" data-element_type=\"section\" data-e-type=\"section\" data-settings=\"{&quot;jet_parallax_layout_list&quot;:[]}\">\n\t\t\t\t\t\t<div class=\"elementor-container elementor-column-gap-default\">\n\t\t\t\t\t<div class=\"elementor-column elementor-col-100 elementor-top-column elementor-element elementor-element-79f3b9c\" data-id=\"79f3b9c\" data-element_type=\"column\" data-e-type=\"column\">\n\t\t\t<div class=\"elementor-widget-wrap elementor-element-populated\">\n\t\t\t\t\t\t<div class=\"elementor-element elementor-element-bbf9616 elementor-align-left elementor-widget elementor-widget-button\" data-id=\"bbf9616\" data-element_type=\"widget\" data-e-type=\"widget\" data-widget_type=\"button.default\">\n\t\t\t\t<div class=\"elementor-widget-container\">\n\t\t\t\t\t\t\t\t\t<div class=\"elementor-button-wrapper\">\n\t\t\t\t\t<a class=\"elementor-button elementor-button-link elementor-size-xs\" href=\"https:\/\/goodworkinstitute.org\/work-with-us\">\n\t\t\t\t\t\t<span class=\"elementor-button-content-wrapper\">\n\t\t\t\t\t\t<span class=\"elementor-button-icon\">\n\t\t\t\t<i aria-hidden=\"true\" class=\"fas fa-arrow-left\"><\/i>\t\t\t<\/span>\n\t\t\t\t\t\t\t\t\t<span class=\"elementor-button-text\">Back to Work With Us<\/span>\n\t\t\t\t\t<\/span>\n\t\t\t\t\t<\/a>\n\t\t\t\t<\/div>\n\t\t\t\t\t\t\t\t<\/div>\n\t\t\t\t<\/div>\n\t\t\t\t<div class=\"elementor-element elementor-element-6258555 elementor-widget elementor-widget-heading\" data-id=\"6258555\" data-element_type=\"widget\" data-e-type=\"widget\" data-widget_type=\"heading.default\">\n\t\t\t\t<div class=\"elementor-widget-container\">\n\t\t\t\t\t<h2 class=\"elementor-heading-title elementor-size-default\">Tell Us About Your Project<\/h2>\t\t\t\t<\/div>\n\t\t\t\t<\/div>\n\t\t\t\t<div class=\"elementor-element elementor-element-2491509 elementor-widget elementor-widget-text-editor\" data-id=\"2491509\" data-element_type=\"widget\" data-e-type=\"widget\" data-widget_type=\"text-editor.default\">\n\t\t\t\t<div class=\"elementor-widget-container\">\n\t\t\t\t\t\t\t\t\t<p><span style=\"font-weight: 400;\">To learn more about how we can work with you, or craft a unique offering for your context, please complete our intake form. We will be in touch with you to schedule a discovery call within a few days of receiving your information.<\/span><\/p>\t\t\t\t\t\t\t\t<\/div>\n\t\t\t\t<\/div>\n\t\t\t\t<div class=\"elementor-element elementor-element-5dd35ed elementor-widget__width-initial elementor-widget elementor-widget-html\" data-id=\"5dd35ed\" data-element_type=\"widget\" data-e-type=\"widget\" data-widget_type=\"html.default\">\n\t\t\t\t<div class=\"elementor-widget-container\">\n\t\t\t\t\t\n    <iframe\n      id=\"JotFormIFrame-251895745085167\"\n      title=\"GWI Intake Form\"\n      onload=\"window.parent.scrollTo(0,0)\"\n      allowtransparency=\"true\"\n      allow=\"geolocation; microphone; camera; fullscreen; payment\"\n      src=\"https:\/\/form.jotform.com\/251895745085167\"\n      frameborder=\"0\"\n      style=\"min-width:100%;max-width:100%;height:100%;border:none; margin:auto\"\n      scrolling=\"no\"\n    >\n    <\/iframe>\n    <script src='https:\/\/cdn.jotfor.ms\/s\/umd\/latest\/for-form-embed-handler.js'><\/script>\n    <script>window.jotformEmbedHandler(\"iframe[id='JotFormIFrame-251895745085167']\", \"https:\/\/form.jotform.com\/\")<\/script>\n    \t\t\t\t<\/div>\n\t\t\t\t<\/div>\n\t\t\t\t\t<\/div>\n\t\t<\/div>\n\t\t\t\t\t<\/div>\n\t\t<\/section>\n\t\t\t\t<\/div>\n\t\t","protected":false},"excerpt":{"rendered":"<p>Vuelve a trabajar con nosotros Cu\u00e9ntanos sobre tu proyecto Para obtener m\u00e1s informaci\u00f3n sobre c\u00f3mo podemos trabajar contigo o crear una oferta \u00fanica para tu contexto, completa nuestro formulario de admisi\u00f3n. Nos pondremos en contacto contigo para programar una llamada informativa en los d\u00edas siguientes a la recepci\u00f3n de tu informaci\u00f3n.<\/p>","protected":false},"author":2,"featured_media":0,"parent":0,"menu_order":0,"comment_status":"closed","ping_status":"closed","template":"","meta":{"_acf_changed":false,"footnotes":"","_links_to":"","_links_to_target":""},"class_list":["post-17536","page","type-page","status-publish","hentry"],"acf":[],"yoast_head":"<!-- This site is optimized with the Yoast SEO plugin v27.3 - https:\/\/yoast.com\/product\/yoast-seo-wordpress\/ -->\n<title>Intake Form - Good Work Institute<\/title>\n<meta name=\"robots\" content=\"index, follow, max-snippet:-1, max-image-preview:large, max-video-preview:-1\" \/>\n<link rel=\"canonical\" href=\"https:\/\/goodworkinstitute.org\/es\/intake-form\/\" \/>\n<meta property=\"og:locale\" content=\"es_MX\" \/>\n<meta property=\"og:type\" content=\"article\" \/>\n<meta property=\"og:title\" content=\"Intake Form - Good Work Institute\" \/>\n<meta property=\"og:description\" content=\"Back to Work With Us Tell Us About Your Project To learn more about how we can work with you, or craft a unique offering for your context, please complete our intake form. We will be in touch with you to schedule a discovery call within a few days of receiving your information.\" \/>\n<meta property=\"og:url\" content=\"https:\/\/goodworkinstitute.org\/es\/intake-form\/\" \/>\n<meta property=\"og:site_name\" content=\"Good Work Institute\" \/>\n<meta property=\"article:modified_time\" content=\"2026-01-26T19:25:06+00:00\" \/>\n<meta name=\"twitter:card\" content=\"summary_large_image\" \/>\n<meta name=\"twitter:label1\" content=\"Tiempo de lectura\" \/>\n\t<meta name=\"twitter:data1\" content=\"1 minuto\" \/>\n<script type=\"application\/ld+json\" class=\"yoast-schema-graph\">{\"@context\":\"https:\\\/\\\/schema.org\",\"@graph\":[{\"@type\":\"WebPage\",\"@id\":\"https:\\\/\\\/goodworkinstitute.org\\\/intake-form\\\/\",\"url\":\"https:\\\/\\\/goodworkinstitute.org\\\/intake-form\\\/\",\"name\":\"Intake Form - Good Work Institute\",\"isPartOf\":{\"@id\":\"https:\\\/\\\/goodworkinstitute.org\\\/#website\"},\"datePublished\":\"2026-01-26T17:39:59+00:00\",\"dateModified\":\"2026-01-26T19:25:06+00:00\",\"breadcrumb\":{\"@id\":\"https:\\\/\\\/goodworkinstitute.org\\\/intake-form\\\/#breadcrumb\"},\"inLanguage\":\"es\",\"potentialAction\":[{\"@type\":\"ReadAction\",\"target\":[\"https:\\\/\\\/goodworkinstitute.org\\\/intake-form\\\/\"]}]},{\"@type\":\"BreadcrumbList\",\"@id\":\"https:\\\/\\\/goodworkinstitute.org\\\/intake-form\\\/#breadcrumb\",\"itemListElement\":[{\"@type\":\"ListItem\",\"position\":1,\"name\":\"Home\",\"item\":\"https:\\\/\\\/goodworkinstitute.org\\\/\"},{\"@type\":\"ListItem\",\"position\":2,\"name\":\"Intake Form\"}]},{\"@type\":\"WebSite\",\"@id\":\"https:\\\/\\\/goodworkinstitute.org\\\/#website\",\"url\":\"https:\\\/\\\/goodworkinstitute.org\\\/\",\"name\":\"Good Work Institute\",\"description\":\"Working towards Just Transition\",\"potentialAction\":[{\"@type\":\"SearchAction\",\"target\":{\"@type\":\"EntryPoint\",\"urlTemplate\":\"https:\\\/\\\/goodworkinstitute.org\\\/?s={search_term_string}\"},\"query-input\":{\"@type\":\"PropertyValueSpecification\",\"valueRequired\":true,\"valueName\":\"search_term_string\"}}],\"inLanguage\":\"es\"}]}<\/script>\n<!-- \/ Yoast SEO plugin. -->","yoast_head_json":{"title":"Formulario de admisi\u00f3n - Good Work Institute","robots":{"index":"index","follow":"follow","max-snippet":"max-snippet:-1","max-image-preview":"max-image-preview:large","max-video-preview":"max-video-preview:-1"},"canonical":"https:\/\/goodworkinstitute.org\/es\/intake-form\/","og_locale":"es_MX","og_type":"article","og_title":"Intake Form - Good Work Institute","og_description":"Back to Work With Us Tell Us About Your Project To learn more about how we can work with you, or craft a unique offering for your context, please complete our intake form. We will be in touch with you to schedule a discovery call within a few days of receiving your information.","og_url":"https:\/\/goodworkinstitute.org\/es\/intake-form\/","og_site_name":"Good Work Institute","article_modified_time":"2026-01-26T19:25:06+00:00","twitter_card":"summary_large_image","twitter_misc":{"Tiempo de lectura":"1 minuto"},"schema":{"@context":"https:\/\/schema.org","@graph":[{"@type":"WebPage","@id":"https:\/\/goodworkinstitute.org\/intake-form\/","url":"https:\/\/goodworkinstitute.org\/intake-form\/","name":"Formulario de admisi\u00f3n - Good Work Institute","isPartOf":{"@id":"https:\/\/goodworkinstitute.org\/#website"},"datePublished":"2026-01-26T17:39:59+00:00","dateModified":"2026-01-26T19:25:06+00:00","breadcrumb":{"@id":"https:\/\/goodworkinstitute.org\/intake-form\/#breadcrumb"},"inLanguage":"es","potentialAction":[{"@type":"ReadAction","target":["https:\/\/goodworkinstitute.org\/intake-form\/"]}]},{"@type":"BreadcrumbList","@id":"https:\/\/goodworkinstitute.org\/intake-form\/#breadcrumb","itemListElement":[{"@type":"ListItem","position":1,"name":"Home","item":"https:\/\/goodworkinstitute.org\/"},{"@type":"ListItem","position":2,"name":"Intake Form"}]},{"@type":"WebSite","@id":"https:\/\/goodworkinstitute.org\/#website","url":"https:\/\/goodworkinstitute.org\/","name":"Instituto del Buen Trabajo","description":"Hacia una transici\u00f3n justa","potentialAction":[{"@type":"SearchAction","target":{"@type":"EntryPoint","urlTemplate":"https:\/\/goodworkinstitute.org\/?s={search_term_string}"},"query-input":{"@type":"PropertyValueSpecification","valueRequired":true,"valueName":"search_term_string"}}],"inLanguage":"es"}]}},"_links":{"self":[{"href":"https:\/\/goodworkinstitute.org\/es\/wp-json\/wp\/v2\/pages\/17536","targetHints":{"allow":["GET"]}}],"collection":[{"href":"https:\/\/goodworkinstitute.org\/es\/wp-json\/wp\/v2\/pages"}],"about":[{"href":"https:\/\/goodworkinstitute.org\/es\/wp-json\/wp\/v2\/types\/page"}],"author":[{"embeddable":true,"href":"https:\/\/goodworkinstitute.org\/es\/wp-json\/wp\/v2\/users\/2"}],"replies":[{"embeddable":true,"href":"https:\/\/goodworkinstitute.org\/es\/wp-json\/wp\/v2\/comments?post=17536"}],"version-history":[{"count":29,"href":"https:\/\/goodworkinstitute.org\/es\/wp-json\/wp\/v2\/pages\/17536\/revisions"}],"predecessor-version":[{"id":18330,"href":"https:\/\/goodworkinstitute.org\/es\/wp-json\/wp\/v2\/pages\/17536\/revisions\/18330"}],"wp:attachment":[{"href":"https:\/\/goodworkinstitute.org\/es\/wp-json\/wp\/v2\/media?parent=17536"}],"curies":[{"name":"wp","href":"https:\/\/api.w.org\/{rel}","templated":true}]}}